{"id":88426,"date":"2023-07-28T14:21:58","date_gmt":"2023-07-28T14:21:58","guid":{"rendered":"https:\/\/rangerrecords.co.uk\/Oscar\/product-763\/"},"modified":"2023-08-03T21:44:11","modified_gmt":"2023-08-03T21:44:11","slug":"88426","status":"publish","type":"product","link":"https:\/\/rangerrecords.co.uk\/en\/Oscar\/88426\/","title":{"rendered":""},"content":{"rendered":"<p>In a Lifetime&raquo; by the legendary Celtic band Clannad is a journey through the band&#8217;s broad catalogue of songs. The album features 20 tracks, including their biggest hits and fan favourites, plus two new tracks. &laquo;In a Lifetime&raquo; was created in collaboration with the remaining band members. Label: BMG \u00e2\u20ac\u201c BMGCAT427DLP Format: 2 x Vinyl, LP, Compilation, Limited Edition Country: Europe Released: 13 Mar 2020 Genre: Rock, Folk, World, &amp; Country Style: Celtic A1  An Mhaighdean Mhara A2  Eleanor Plunkett A3  D\u00c3\u00balam\u00c3\u00a1n A4  The Last Rose Of Summer A5  Crann \u00c3\u0161ll B1  Mheall S\u00c3\u00ad Lena Gl\u00c3\u00b3rtha\u00c3\u00ad M\u00c3\u00a9 B2  Theme From Harry&#8217;s Game B3  Robin (The Hooded Man) (2003 &#8211; Remaster) B4  In A Lifetime (2003 &#8211; Remaster) B5  Second Nature B6  Atlantic Realm C1  A Dream In The Night (The Angel &amp; The Soldier Boy) C2  Hourglass C3  Poison Glen (2003 &#8211; Remaster) C4  I Will Find You (Theme &gt;From The Last Of The Mohicans) D1  A Bridge (That Carries Us Over) (2004 &#8211; Remaster) D2  A Mhuirn\u00c3\u00adn \u00c3\u201c (2004 &#8211; Remaster) D3  Rhapsody na gCrann D4  A Celtic Dream D5  Who Knows (Where The Time Goes)<\/p>","protected":false},"excerpt":{"rendered":"<p>In a Lifetime&raquo; by the legendary Celtic band Clannad is a journey through the band&#8217;s broad catalogue <\/p>","protected":false},"featured_media":93634,"comment_status":"open","ping_status":"closed","template":"","meta":{"_acf_changed":false,"_coblocks_attr":"","_coblocks_dimensions":"","_coblocks_responsive_height":"","_coblocks_accordion_ie_support":""},"product_brand":[],"product_cat":[20],"product_tag":[],"class_list":{"0":"post-88426","1":"product","2":"type-product","3":"status-publish","4":"has-post-thumbnail","6":"product_cat-music","8":"first","9":"outofstock","10":"shipping-taxable","11":"purchasable","12":"product-type-simple"},"acf":[],"_links":{"self":[{"href":"https:\/\/rangerrecords.co.uk\/en\/wp-json\/wp\/v2\/product\/88426","targetHints":{"allow":["GET"]}}],"collection":[{"href":"https:\/\/rangerrecords.co.uk\/en\/wp-json\/wp\/v2\/product"}],"about":[{"href":"https:\/\/rangerrecords.co.uk\/en\/wp-json\/wp\/v2\/types\/product"}],"replies":[{"embeddable":true,"href":"https:\/\/rangerrecords.co.uk\/en\/wp-json\/wp\/v2\/comments?post=88426"}],"wp:featuredmedia":[{"embeddable":true,"href":"https:\/\/rangerrecords.co.uk\/en\/wp-json\/wp\/v2\/media\/93634"}],"wp:attachment":[{"href":"https:\/\/rangerrecords.co.uk\/en\/wp-json\/wp\/v2\/media?parent=88426"}],"wp:term":[{"taxonomy":"product_brand","embeddable":true,"href":"https:\/\/rangerrecords.co.uk\/en\/wp-json\/wp\/v2\/product_brand?post=88426"},{"taxonomy":"product_cat","embeddable":true,"href":"https:\/\/rangerrecords.co.uk\/en\/wp-json\/wp\/v2\/product_cat?post=88426"},{"taxonomy":"product_tag","embeddable":true,"href":"https:\/\/rangerrecords.co.uk\/en\/wp-json\/wp\/v2\/product_tag?post=88426"}],"curies":[{"name":"wp","href":"https:\/\/api.w.org\/{rel}","templated":true}]}}