{"id":85990,"date":"2023-07-28T04:53:20","date_gmt":"2023-07-28T04:53:20","guid":{"rendered":"https:\/\/rangerrecords.co.uk\/Oscar\/every-day\/"},"modified":"2023-07-28T04:53:20","modified_gmt":"2023-07-28T04:53:20","slug":"every-day","status":"publish","type":"product","link":"https:\/\/rangerrecords.co.uk\/en\/Oscar\/every-day\/","title":{"rendered":"EVERY DAY"},"content":{"rendered":"<p>(RE 2023) 2002. 20-\u00e5rsjubileumsutgave. Begrenset opplag p\u00e5 transparent r\u00f8d vinyl. 3LP med utbrettcover.<\/p>","protected":false},"excerpt":{"rendered":"<p>(RE 2023) 2002. 20-\u00e5rsjubileumsutgave. Begrenset opplag p\u00e5 transparent r\u00f8d vinyl. 3LP med utbrettcov<\/p>","protected":false},"featured_media":0,"comment_status":"open","ping_status":"closed","template":"","meta":{"_acf_changed":false,"_coblocks_attr":"","_coblocks_dimensions":"","_coblocks_responsive_height":"","_coblocks_accordion_ie_support":""},"product_brand":[],"product_cat":[20],"product_tag":[441],"class_list":{"0":"post-85990","1":"product","2":"type-product","3":"status-publish","5":"product_cat-music","6":"product_tag-cinematic-orchestra","8":"first","9":"instock","10":"shipping-taxable","11":"purchasable","12":"product-type-simple"},"acf":[],"_links":{"self":[{"href":"https:\/\/rangerrecords.co.uk\/en\/wp-json\/wp\/v2\/product\/85990","targetHints":{"allow":["GET"]}}],"collection":[{"href":"https:\/\/rangerrecords.co.uk\/en\/wp-json\/wp\/v2\/product"}],"about":[{"href":"https:\/\/rangerrecords.co.uk\/en\/wp-json\/wp\/v2\/types\/product"}],"replies":[{"embeddable":true,"href":"https:\/\/rangerrecords.co.uk\/en\/wp-json\/wp\/v2\/comments?post=85990"}],"wp:attachment":[{"href":"https:\/\/rangerrecords.co.uk\/en\/wp-json\/wp\/v2\/media?parent=85990"}],"wp:term":[{"taxonomy":"product_brand","embeddable":true,"href":"https:\/\/rangerrecords.co.uk\/en\/wp-json\/wp\/v2\/product_brand?post=85990"},{"taxonomy":"product_cat","embeddable":true,"href":"https:\/\/rangerrecords.co.uk\/en\/wp-json\/wp\/v2\/product_cat?post=85990"},{"taxonomy":"product_tag","embeddable":true,"href":"https:\/\/rangerrecords.co.uk\/en\/wp-json\/wp\/v2\/product_tag?post=85990"}],"curies":[{"name":"wp","href":"https:\/\/api.w.org\/{rel}","templated":true}]}}