{"id":85053,"date":"2022-11-05T15:55:00","date_gmt":"2022-11-05T15:55:00","guid":{"rendered":"https:\/\/rangerrecords.co.uk\/Oscar\/en-ar-for-mycket-och-tusen-aldrig-nog\/"},"modified":"2022-11-05T15:55:00","modified_gmt":"2022-11-05T15:55:00","slug":"en-ar-for-mycket-och-tusen-aldrig-nog","status":"publish","type":"product","link":"https:\/\/rangerrecords.co.uk\/en\/Oscar\/en-ar-for-mycket-och-tusen-aldrig-nog\/","title":{"rendered":"En \u00c4r F\u00f6r Mycket och Tusen Aldrig Nog"},"content":{"rendered":"<p>Standard utgave p\u00e5 svart vinyl<\/p>","protected":false},"excerpt":{"rendered":"<p>Standard Utgave P\u00e5 Svart Vinyl<\/p>","protected":false},"featured_media":0,"comment_status":"open","ping_status":"closed","template":"","meta":{"_acf_changed":false,"_coblocks_attr":"","_coblocks_dimensions":"","_coblocks_responsive_height":"","_coblocks_accordion_ie_support":""},"product_brand":[],"product_cat":[20],"product_tag":[147],"class_list":{"0":"post-85053","1":"product","2":"type-product","3":"status-publish","5":"product_cat-music","6":"product_tag-dungen","8":"first","9":"outofstock","10":"shipping-taxable","11":"purchasable","12":"product-type-simple"},"acf":[],"_links":{"self":[{"href":"https:\/\/rangerrecords.co.uk\/en\/wp-json\/wp\/v2\/product\/85053","targetHints":{"allow":["GET"]}}],"collection":[{"href":"https:\/\/rangerrecords.co.uk\/en\/wp-json\/wp\/v2\/product"}],"about":[{"href":"https:\/\/rangerrecords.co.uk\/en\/wp-json\/wp\/v2\/types\/product"}],"replies":[{"embeddable":true,"href":"https:\/\/rangerrecords.co.uk\/en\/wp-json\/wp\/v2\/comments?post=85053"}],"wp:attachment":[{"href":"https:\/\/rangerrecords.co.uk\/en\/wp-json\/wp\/v2\/media?parent=85053"}],"wp:term":[{"taxonomy":"product_brand","embeddable":true,"href":"https:\/\/rangerrecords.co.uk\/en\/wp-json\/wp\/v2\/product_brand?post=85053"},{"taxonomy":"product_cat","embeddable":true,"href":"https:\/\/rangerrecords.co.uk\/en\/wp-json\/wp\/v2\/product_cat?post=85053"},{"taxonomy":"product_tag","embeddable":true,"href":"https:\/\/rangerrecords.co.uk\/en\/wp-json\/wp\/v2\/product_tag?post=85053"}],"curies":[{"name":"wp","href":"https:\/\/api.w.org\/{rel}","templated":true}]}}