{"id":84927,"date":"2022-10-30T12:14:25","date_gmt":"2022-10-30T12:14:25","guid":{"rendered":"https:\/\/rangerrecords.co.uk\/Oscar\/ponk-i-norge-2022-ltd\/"},"modified":"2022-10-30T12:14:25","modified_gmt":"2022-10-30T12:14:25","slug":"ponk-i-norge-2022-ltd","status":"publish","type":"product","link":"https:\/\/rangerrecords.co.uk\/en\/Oscar\/ponk-i-norge-2022-ltd\/","title":{"rendered":"P\u00f8nk I Norge 2022 &#8211; Ltd"},"content":{"rendered":"<p>Limiter utgave p\u00e5 hvit vinyl. For femte \u00e5ret p\u00e5 rad tar Fucking North Pole Records pulsen p\u00e5 p\u00f8nkmilj\u00f8et i Norge med samleren \u00ab2022: P\u00f8nk i Norge\u00bb. Det popper stadig opp nye p\u00f8nkband fra alle mulige kriker og kroker rundt om i landet. Denne gang er det melodi\u00f8se og hardtsl\u00e5ende band fra Troms\u00f8 i nord, via Tr\u00f8ndelag, \u00c5lesund, Bergen, Stavanger og flere av byene p\u00e5 det sentrale \u00d8stlandet.<\/p>","protected":false},"excerpt":{"rendered":"<p>Limiter Utgave P\u00e5 Hvit Vinyl. For Femte \u00c5ret P\u00e5 Rad Tar Fucking North Pole Recor<\/p>","protected":false},"featured_media":0,"comment_status":"open","ping_status":"closed","template":"","meta":{"_acf_changed":false,"_coblocks_attr":"","_coblocks_dimensions":"","_coblocks_responsive_height":"","_coblocks_accordion_ie_support":""},"product_brand":[],"product_cat":[19,36,81,82,44,37,16,21,18,20,30,76,77,41,17,38,15,40,35],"product_tag":[86],"class_list":{"0":"post-84927","1":"product","2":"type-product","3":"status-publish","5":"product_cat-accessories","6":"product_cat-albums","7":"product_cat-apollon-bergen","8":"product_cat-apollon-tonsberg","9":"product_cat-cd","10":"product_cat-classical","11":"product_cat-clothing","12":"product_cat-decor","13":"product_cat-hoodies","14":"product_cat-music","15":"product_cat-new-release","16":"product_cat-rsd-2021","17":"product_cat-rsd-2022","18":"product_cat-second-hand","19":"product_cat-tshirts","20":"product_cat-turntables","21":"product_cat-uncategorized","22":"product_cat-upcoming-releases","23":"product_cat-vinyl","24":"product_tag-keywest","26":"first","27":"instock","28":"shipping-taxable","29":"purchasable","30":"product-type-simple"},"acf":[],"_links":{"self":[{"href":"https:\/\/rangerrecords.co.uk\/en\/wp-json\/wp\/v2\/product\/84927","targetHints":{"allow":["GET"]}}],"collection":[{"href":"https:\/\/rangerrecords.co.uk\/en\/wp-json\/wp\/v2\/product"}],"about":[{"href":"https:\/\/rangerrecords.co.uk\/en\/wp-json\/wp\/v2\/types\/product"}],"replies":[{"embeddable":true,"href":"https:\/\/rangerrecords.co.uk\/en\/wp-json\/wp\/v2\/comments?post=84927"}],"wp:attachment":[{"href":"https:\/\/rangerrecords.co.uk\/en\/wp-json\/wp\/v2\/media?parent=84927"}],"wp:term":[{"taxonomy":"product_brand","embeddable":true,"href":"https:\/\/rangerrecords.co.uk\/en\/wp-json\/wp\/v2\/product_brand?post=84927"},{"taxonomy":"product_cat","embeddable":true,"href":"https:\/\/rangerrecords.co.uk\/en\/wp-json\/wp\/v2\/product_cat?post=84927"},{"taxonomy":"product_tag","embeddable":true,"href":"https:\/\/rangerrecords.co.uk\/en\/wp-json\/wp\/v2\/product_tag?post=84927"}],"curies":[{"name":"wp","href":"https:\/\/api.w.org\/{rel}","templated":true}]}}