{"id":84813,"date":"2022-10-30T11:47:24","date_gmt":"2022-10-30T11:47:24","guid":{"rendered":"https:\/\/rangerrecords.co.uk\/Oscar\/deuce-2\/"},"modified":"2022-11-01T14:47:27","modified_gmt":"2022-11-01T14:47:27","slug":"deuce-2","status":"publish","type":"product","link":"https:\/\/rangerrecords.co.uk\/en\/Oscar\/deuce-2\/","title":{"rendered":"Deuce"},"content":{"rendered":"<p>50-\u00e5rs jubileumsutgave p\u00e5 trippel vinyl, 2022 remix og remaster av albumet. Inkludert ogs\u00e5 16 bonusspor samt booklet.<\/p>","protected":false},"excerpt":{"rendered":"<p>50-\u00e5rs Jubileumsutgave P\u00e5 Trippel Vinyl, 2022 Remix Og Remaster Av Albumet. Inkl<\/p>","protected":false},"featured_media":0,"comment_status":"open","ping_status":"closed","template":"","meta":{"_acf_changed":false,"_coblocks_attr":"","_coblocks_dimensions":"","_coblocks_responsive_height":"","_coblocks_accordion_ie_support":""},"product_brand":[],"product_cat":[19,36,81,82,44,37,16,21,18,20,30,76,77,41,17,38,15,40,35],"product_tag":[171],"class_list":{"0":"post-84813","1":"product","2":"type-product","3":"status-publish","5":"product_cat-accessories","6":"product_cat-albums","7":"product_cat-apollon-bergen","8":"product_cat-apollon-tonsberg","9":"product_cat-cd","10":"product_cat-classical","11":"product_cat-clothing","12":"product_cat-decor","13":"product_cat-hoodies","14":"product_cat-music","15":"product_cat-new-release","16":"product_cat-rsd-2021","17":"product_cat-rsd-2022","18":"product_cat-second-hand","19":"product_cat-tshirts","20":"product_cat-turntables","21":"product_cat-uncategorized","22":"product_cat-upcoming-releases","23":"product_cat-vinyl","24":"product_tag-rory-gallagher","26":"first","27":"instock","28":"shipping-taxable","29":"purchasable","30":"product-type-simple"},"acf":[],"_links":{"self":[{"href":"https:\/\/rangerrecords.co.uk\/en\/wp-json\/wp\/v2\/product\/84813","targetHints":{"allow":["GET"]}}],"collection":[{"href":"https:\/\/rangerrecords.co.uk\/en\/wp-json\/wp\/v2\/product"}],"about":[{"href":"https:\/\/rangerrecords.co.uk\/en\/wp-json\/wp\/v2\/types\/product"}],"replies":[{"embeddable":true,"href":"https:\/\/rangerrecords.co.uk\/en\/wp-json\/wp\/v2\/comments?post=84813"}],"wp:attachment":[{"href":"https:\/\/rangerrecords.co.uk\/en\/wp-json\/wp\/v2\/media?parent=84813"}],"wp:term":[{"taxonomy":"product_brand","embeddable":true,"href":"https:\/\/rangerrecords.co.uk\/en\/wp-json\/wp\/v2\/product_brand?post=84813"},{"taxonomy":"product_cat","embeddable":true,"href":"https:\/\/rangerrecords.co.uk\/en\/wp-json\/wp\/v2\/product_cat?post=84813"},{"taxonomy":"product_tag","embeddable":true,"href":"https:\/\/rangerrecords.co.uk\/en\/wp-json\/wp\/v2\/product_tag?post=84813"}],"curies":[{"name":"wp","href":"https:\/\/api.w.org\/{rel}","templated":true}]}}