{"id":84802,"date":"2022-10-30T11:44:43","date_gmt":"2022-10-30T11:44:43","guid":{"rendered":"https:\/\/rangerrecords.co.uk\/Oscar\/lost-not-forgotten-archives-made-in-japan-live-2006\/"},"modified":"2022-11-05T16:00:58","modified_gmt":"2022-11-05T16:00:58","slug":"lost-not-forgotten-archives-made-in-japan-live-2006","status":"publish","type":"product","link":"https:\/\/rangerrecords.co.uk\/en\/Oscar\/lost-not-forgotten-archives-made-in-japan-live-2006\/","title":{"rendered":"Lost Not Forgotten Archives &#8211; Made In Japan Live 2006"},"content":{"rendered":"<p>Dobbel 180g vinyl + CD. Limitert utgave p\u00e5 r\u00f8d vinyl. Dream Theater spiller Deep Purple live, remastret og re-utgitt for f\u00f8rste gang.<\/p>","protected":false},"excerpt":{"rendered":"<p>Dobbel 180g Vinyl + Cd. Limitert Utgave P\u00e5 R\u00f8d Vinyl. Dream Theater Spiller Deep<\/p>","protected":false},"featured_media":0,"comment_status":"open","ping_status":"closed","template":"","meta":{"_acf_changed":false,"_coblocks_attr":"","_coblocks_dimensions":"","_coblocks_responsive_height":"","_coblocks_accordion_ie_support":""},"product_brand":[],"product_cat":[37],"product_tag":[161],"class_list":{"0":"post-84802","1":"product","2":"type-product","3":"status-publish","5":"product_cat-classical","6":"product_tag-dream-theater","8":"first","9":"instock","10":"shipping-taxable","11":"purchasable","12":"product-type-simple"},"acf":[],"_links":{"self":[{"href":"https:\/\/rangerrecords.co.uk\/en\/wp-json\/wp\/v2\/product\/84802","targetHints":{"allow":["GET"]}}],"collection":[{"href":"https:\/\/rangerrecords.co.uk\/en\/wp-json\/wp\/v2\/product"}],"about":[{"href":"https:\/\/rangerrecords.co.uk\/en\/wp-json\/wp\/v2\/types\/product"}],"replies":[{"embeddable":true,"href":"https:\/\/rangerrecords.co.uk\/en\/wp-json\/wp\/v2\/comments?post=84802"}],"wp:attachment":[{"href":"https:\/\/rangerrecords.co.uk\/en\/wp-json\/wp\/v2\/media?parent=84802"}],"wp:term":[{"taxonomy":"product_brand","embeddable":true,"href":"https:\/\/rangerrecords.co.uk\/en\/wp-json\/wp\/v2\/product_brand?post=84802"},{"taxonomy":"product_cat","embeddable":true,"href":"https:\/\/rangerrecords.co.uk\/en\/wp-json\/wp\/v2\/product_cat?post=84802"},{"taxonomy":"product_tag","embeddable":true,"href":"https:\/\/rangerrecords.co.uk\/en\/wp-json\/wp\/v2\/product_tag?post=84802"}],"curies":[{"name":"wp","href":"https:\/\/api.w.org\/{rel}","templated":true}]}}