{"id":84785,"date":"2022-10-30T11:39:46","date_gmt":"2022-10-30T11:39:46","guid":{"rendered":"https:\/\/rangerrecords.co.uk\/Oscar\/en-ar-for-mycket-och-tusen-aldrig-nog-ltd\/"},"modified":"2022-11-05T15:54:40","modified_gmt":"2022-11-05T15:54:40","slug":"en-ar-for-mycket-och-tusen-aldrig-nog-ltd","status":"publish","type":"product","link":"https:\/\/rangerrecords.co.uk\/en\/Oscar\/en-ar-for-mycket-och-tusen-aldrig-nog-ltd\/","title":{"rendered":"En \u00c4r F\u00f6r Mycket och Tusen Aldrig Nog &#8211; Ltd"},"content":{"rendered":"<p>Limitert utgave p\u00e5 farget vinyl<\/p>","protected":false},"excerpt":{"rendered":"<p>Limitert Utgave P\u00e5 Farget Vinyl<\/p>","protected":false},"featured_media":0,"comment_status":"open","ping_status":"closed","template":"","meta":{"_acf_changed":false,"_coblocks_attr":"","_coblocks_dimensions":"","_coblocks_responsive_height":"","_coblocks_accordion_ie_support":""},"product_brand":[],"product_cat":[21],"product_tag":[147],"class_list":{"0":"post-84785","1":"product","2":"type-product","3":"status-publish","5":"product_cat-decor","6":"product_tag-dungen","8":"first","9":"instock","10":"shipping-taxable","11":"purchasable","12":"product-type-simple"},"acf":[],"_links":{"self":[{"href":"https:\/\/rangerrecords.co.uk\/en\/wp-json\/wp\/v2\/product\/84785","targetHints":{"allow":["GET"]}}],"collection":[{"href":"https:\/\/rangerrecords.co.uk\/en\/wp-json\/wp\/v2\/product"}],"about":[{"href":"https:\/\/rangerrecords.co.uk\/en\/wp-json\/wp\/v2\/types\/product"}],"replies":[{"embeddable":true,"href":"https:\/\/rangerrecords.co.uk\/en\/wp-json\/wp\/v2\/comments?post=84785"}],"wp:attachment":[{"href":"https:\/\/rangerrecords.co.uk\/en\/wp-json\/wp\/v2\/media?parent=84785"}],"wp:term":[{"taxonomy":"product_brand","embeddable":true,"href":"https:\/\/rangerrecords.co.uk\/en\/wp-json\/wp\/v2\/product_brand?post=84785"},{"taxonomy":"product_cat","embeddable":true,"href":"https:\/\/rangerrecords.co.uk\/en\/wp-json\/wp\/v2\/product_cat?post=84785"},{"taxonomy":"product_tag","embeddable":true,"href":"https:\/\/rangerrecords.co.uk\/en\/wp-json\/wp\/v2\/product_tag?post=84785"}],"curies":[{"name":"wp","href":"https:\/\/api.w.org\/{rel}","templated":true}]}}