{"id":84769,"date":"2022-10-30T11:35:59","date_gmt":"2022-10-30T11:35:59","guid":{"rendered":"https:\/\/rangerrecords.co.uk\/Oscar\/alt-det-som-ikke-har-lyd\/"},"modified":"2022-11-01T15:04:27","modified_gmt":"2022-11-01T15:04:27","slug":"alt-det-som-ikke-har-lyd","status":"publish","type":"product","link":"https:\/\/rangerrecords.co.uk\/en\/Oscar\/alt-det-som-ikke-har-lyd\/","title":{"rendered":"Alt det som ikke har lyd"},"content":{"rendered":"<p>Den anerkjente forfatteren Levi Henriksen har gjennom flere \u00e5r samarbeidet med musiker og produsent Henrik Maarud p\u00e5 flere innspillinger. Etter diktutgivelsen Som skyene skygger sn\u00f8en i 2021, kom Henriksen og Maarud p\u00e5 tanken om \u00e5 skrive musikk til diktene. Resultatet er en reise i tekster som handler om nettopp \u00e5 reise,  tonesatt av Maarud p\u00e5 mesterlig vis.<\/p>","protected":false},"excerpt":{"rendered":"<p>Den Anerkjente Forfatteren Levi Henriksen Har Gjennom Flere \u00c5r Samarbeidet Med M<\/p>","protected":false},"featured_media":0,"comment_status":"open","ping_status":"closed","template":"","meta":{"_acf_changed":false,"_coblocks_attr":"","_coblocks_dimensions":"","_coblocks_responsive_height":"","_coblocks_accordion_ie_support":""},"product_brand":[],"product_cat":[19,36,81,82,44,37,16,21,18,20,30,76,77,41,17,38,15,40,35],"product_tag":[231],"class_list":{"0":"post-84769","1":"product","2":"type-product","3":"status-publish","5":"product_cat-accessories","6":"product_cat-albums","7":"product_cat-apollon-bergen","8":"product_cat-apollon-tonsberg","9":"product_cat-cd","10":"product_cat-classical","11":"product_cat-clothing","12":"product_cat-decor","13":"product_cat-hoodies","14":"product_cat-music","15":"product_cat-new-release","16":"product_cat-rsd-2021","17":"product_cat-rsd-2022","18":"product_cat-second-hand","19":"product_cat-tshirts","20":"product_cat-turntables","21":"product_cat-uncategorized","22":"product_cat-upcoming-releases","23":"product_cat-vinyl","24":"product_tag-henriksen-og-maarud","26":"first","27":"outofstock","28":"shipping-taxable","29":"purchasable","30":"product-type-simple"},"acf":[],"_links":{"self":[{"href":"https:\/\/rangerrecords.co.uk\/en\/wp-json\/wp\/v2\/product\/84769","targetHints":{"allow":["GET"]}}],"collection":[{"href":"https:\/\/rangerrecords.co.uk\/en\/wp-json\/wp\/v2\/product"}],"about":[{"href":"https:\/\/rangerrecords.co.uk\/en\/wp-json\/wp\/v2\/types\/product"}],"replies":[{"embeddable":true,"href":"https:\/\/rangerrecords.co.uk\/en\/wp-json\/wp\/v2\/comments?post=84769"}],"wp:attachment":[{"href":"https:\/\/rangerrecords.co.uk\/en\/wp-json\/wp\/v2\/media?parent=84769"}],"wp:term":[{"taxonomy":"product_brand","embeddable":true,"href":"https:\/\/rangerrecords.co.uk\/en\/wp-json\/wp\/v2\/product_brand?post=84769"},{"taxonomy":"product_cat","embeddable":true,"href":"https:\/\/rangerrecords.co.uk\/en\/wp-json\/wp\/v2\/product_cat?post=84769"},{"taxonomy":"product_tag","embeddable":true,"href":"https:\/\/rangerrecords.co.uk\/en\/wp-json\/wp\/v2\/product_tag?post=84769"}],"curies":[{"name":"wp","href":"https:\/\/api.w.org\/{rel}","templated":true}]}}