{"id":84768,"date":"2022-10-30T11:35:45","date_gmt":"2022-10-30T11:35:45","guid":{"rendered":"https:\/\/rangerrecords.co.uk\/Oscar\/it-was-50-years-ago-today\/"},"modified":"2022-11-01T14:37:57","modified_gmt":"2022-11-01T14:37:57","slug":"it-was-50-years-ago-today","status":"publish","type":"product","link":"https:\/\/rangerrecords.co.uk\/en\/Oscar\/it-was-50-years-ago-today\/","title":{"rendered":"It Was 50 Years Ago Today"},"content":{"rendered":"<p>3-Lp Box Set. It Was 50 Years Ago Today er en utgivelse hentet frem fra Sveriges Radio og NRKs arkiver. Dette for \u00e5 markere at h\u00f8sten 2022 er det 50 \u00e5r siden Popol Ace lanserte sitt f\u00f8rste album Popol Vuh, \u2013 en utgivelse som ble hedret med Norges f\u00f8rste Spellemannpris!<\/p>","protected":false},"excerpt":{"rendered":"<p>3-lp Box Set. It Was 50 Years Ago Today Er En Utgivelse Hentet Frem Fra Sveriges<\/p>","protected":false},"featured_media":0,"comment_status":"open","ping_status":"closed","template":"","meta":{"_acf_changed":false,"_coblocks_attr":"","_coblocks_dimensions":"","_coblocks_responsive_height":"","_coblocks_accordion_ie_support":""},"product_brand":[],"product_cat":[19,36,81,82,44,37,16,21,18,20,30,76,77,41,17,38,15,40,35],"product_tag":[134],"class_list":{"0":"post-84768","1":"product","2":"type-product","3":"status-publish","5":"product_cat-accessories","6":"product_cat-albums","7":"product_cat-apollon-bergen","8":"product_cat-apollon-tonsberg","9":"product_cat-cd","10":"product_cat-classical","11":"product_cat-clothing","12":"product_cat-decor","13":"product_cat-hoodies","14":"product_cat-music","15":"product_cat-new-release","16":"product_cat-rsd-2021","17":"product_cat-rsd-2022","18":"product_cat-second-hand","19":"product_cat-tshirts","20":"product_cat-turntables","21":"product_cat-uncategorized","22":"product_cat-upcoming-releases","23":"product_cat-vinyl","24":"product_tag-popol-ace","26":"first","27":"onbackorder","28":"shipping-taxable","29":"purchasable","30":"product-type-simple"},"acf":[],"_links":{"self":[{"href":"https:\/\/rangerrecords.co.uk\/en\/wp-json\/wp\/v2\/product\/84768","targetHints":{"allow":["GET"]}}],"collection":[{"href":"https:\/\/rangerrecords.co.uk\/en\/wp-json\/wp\/v2\/product"}],"about":[{"href":"https:\/\/rangerrecords.co.uk\/en\/wp-json\/wp\/v2\/types\/product"}],"replies":[{"embeddable":true,"href":"https:\/\/rangerrecords.co.uk\/en\/wp-json\/wp\/v2\/comments?post=84768"}],"wp:attachment":[{"href":"https:\/\/rangerrecords.co.uk\/en\/wp-json\/wp\/v2\/media?parent=84768"}],"wp:term":[{"taxonomy":"product_brand","embeddable":true,"href":"https:\/\/rangerrecords.co.uk\/en\/wp-json\/wp\/v2\/product_brand?post=84768"},{"taxonomy":"product_cat","embeddable":true,"href":"https:\/\/rangerrecords.co.uk\/en\/wp-json\/wp\/v2\/product_cat?post=84768"},{"taxonomy":"product_tag","embeddable":true,"href":"https:\/\/rangerrecords.co.uk\/en\/wp-json\/wp\/v2\/product_tag?post=84768"}],"curies":[{"name":"wp","href":"https:\/\/api.w.org\/{rel}","templated":true}]}}