{"id":84735,"date":"2022-10-30T11:22:03","date_gmt":"2022-10-30T11:22:03","guid":{"rendered":"https:\/\/rangerrecords.co.uk\/Oscar\/people-are-garbage-ltd\/"},"modified":"2022-11-01T16:50:10","modified_gmt":"2022-11-01T16:50:10","slug":"people-are-garbage-ltd","status":"publish","type":"product","link":"https:\/\/rangerrecords.co.uk\/en\/Oscar\/people-are-garbage-ltd\/","title":{"rendered":"People Are Garbage &#8211; Ltd"},"content":{"rendered":"<p>Scumpunkerne Anal Babes var et banebrytende band i undergrunnsrockescenen i Oslo p\u00e5 1990-tallet, der de fremstod som de sn\u00f8rrete og horete stes\u00f8sknene til de mer ber\u00f8mte men mindre beryktede Turbonegro. Bokssettet People Are Garbage utgis av H\u00e6rverk Industrier og inneholder de to Anal Babes-albumene The Dignity Of The Anal Babes Is Unimpeachable (1992) og Delirium Or Diarrhea (1995), begge med bonusspor, pluss to LP-er med spor fra 10&#8243; og 7&#8243; EP-er, bidrag til samleplater, splittsingler og annet.<\/p>","protected":false},"excerpt":{"rendered":"<p>Scumpunkerne Anal Babes Var Et Banebrytende Band I Undergrunnsrockescenen I Oslo<\/p>","protected":false},"featured_media":0,"comment_status":"open","ping_status":"closed","template":"","meta":{"_acf_changed":false,"_coblocks_attr":"","_coblocks_dimensions":"","_coblocks_responsive_height":"","_coblocks_accordion_ie_support":""},"product_brand":[],"product_cat":[19,36,81,82,44,37,16,21,18,20,30,76,77,41,17,38,15,40,35],"product_tag":[],"class_list":{"0":"post-84735","1":"product","2":"type-product","3":"status-publish","5":"product_cat-accessories","6":"product_cat-albums","7":"product_cat-apollon-bergen","8":"product_cat-apollon-tonsberg","9":"product_cat-cd","10":"product_cat-classical","11":"product_cat-clothing","12":"product_cat-decor","13":"product_cat-hoodies","14":"product_cat-music","15":"product_cat-new-release","16":"product_cat-rsd-2021","17":"product_cat-rsd-2022","18":"product_cat-second-hand","19":"product_cat-tshirts","20":"product_cat-turntables","21":"product_cat-uncategorized","22":"product_cat-upcoming-releases","23":"product_cat-vinyl","25":"first","26":"onbackorder","27":"shipping-taxable","28":"purchasable","29":"product-type-simple"},"acf":[],"_links":{"self":[{"href":"https:\/\/rangerrecords.co.uk\/en\/wp-json\/wp\/v2\/product\/84735","targetHints":{"allow":["GET"]}}],"collection":[{"href":"https:\/\/rangerrecords.co.uk\/en\/wp-json\/wp\/v2\/product"}],"about":[{"href":"https:\/\/rangerrecords.co.uk\/en\/wp-json\/wp\/v2\/types\/product"}],"replies":[{"embeddable":true,"href":"https:\/\/rangerrecords.co.uk\/en\/wp-json\/wp\/v2\/comments?post=84735"}],"wp:attachment":[{"href":"https:\/\/rangerrecords.co.uk\/en\/wp-json\/wp\/v2\/media?parent=84735"}],"wp:term":[{"taxonomy":"product_brand","embeddable":true,"href":"https:\/\/rangerrecords.co.uk\/en\/wp-json\/wp\/v2\/product_brand?post=84735"},{"taxonomy":"product_cat","embeddable":true,"href":"https:\/\/rangerrecords.co.uk\/en\/wp-json\/wp\/v2\/product_cat?post=84735"},{"taxonomy":"product_tag","embeddable":true,"href":"https:\/\/rangerrecords.co.uk\/en\/wp-json\/wp\/v2\/product_tag?post=84735"}],"curies":[{"name":"wp","href":"https:\/\/api.w.org\/{rel}","templated":true}]}}