{"id":84690,"date":"2022-10-30T11:10:18","date_gmt":"2022-10-30T11:10:18","guid":{"rendered":"https:\/\/rangerrecords.co.uk\/Oscar\/presence-deluxe-edition\/"},"modified":"2022-10-31T18:14:53","modified_gmt":"2022-10-31T18:14:53","slug":"presence-deluxe-edition","status":"publish","type":"product","link":"https:\/\/rangerrecords.co.uk\/en\/Oscar\/presence-deluxe-edition\/","title":{"rendered":"Presence (Deluxe Edition)"},"content":{"rendered":"<p>Led Zeppelin \u2018re-issue\u2019 programet avsluttes med deluxe versjonene av de siste tre studio albumene \u2018Presence\u2019, \u2018In Through The Back<\/p>\n<p>Door\u2019 og \u2018Coda\u2019. Super Delux boksene<\/p>\n<p>kommer med 72 siders bok, vinylen er 180g og inkluderer masse annet digg. Presence\u2019 ble utgitt f\u00f8rste gang i 1976. Ble innspillt p\u00e5 18 dager i Musicland Studios i Munchen. Albumet gikk til Nr. 1 b\u00e5de i USA og i UK.<\/p>","protected":false},"excerpt":{"rendered":"<p>Led Zeppelin \u2018re-issue\u2019 Programet Avsluttes Med Deluxe Versjonene Av De Siste Tr<\/p>","protected":false},"featured_media":0,"comment_status":"open","ping_status":"closed","template":"","meta":{"_acf_changed":false,"_coblocks_attr":"","_coblocks_dimensions":"","_coblocks_responsive_height":"","_coblocks_accordion_ie_support":""},"product_brand":[],"product_cat":[19,36,81,82,44,37,16,21,18,20,30,76,77,41,17,38,15,40,35],"product_tag":[94],"class_list":{"0":"post-84690","1":"product","2":"type-product","3":"status-publish","5":"product_cat-accessories","6":"product_cat-albums","7":"product_cat-apollon-bergen","8":"product_cat-apollon-tonsberg","9":"product_cat-cd","10":"product_cat-classical","11":"product_cat-clothing","12":"product_cat-decor","13":"product_cat-hoodies","14":"product_cat-music","15":"product_cat-new-release","16":"product_cat-rsd-2021","17":"product_cat-rsd-2022","18":"product_cat-second-hand","19":"product_cat-tshirts","20":"product_cat-turntables","21":"product_cat-uncategorized","22":"product_cat-upcoming-releases","23":"product_cat-vinyl","24":"product_tag-led-zeppelin","26":"first","27":"outofstock","28":"shipping-taxable","29":"purchasable","30":"product-type-simple"},"acf":[],"_links":{"self":[{"href":"https:\/\/rangerrecords.co.uk\/en\/wp-json\/wp\/v2\/product\/84690","targetHints":{"allow":["GET"]}}],"collection":[{"href":"https:\/\/rangerrecords.co.uk\/en\/wp-json\/wp\/v2\/product"}],"about":[{"href":"https:\/\/rangerrecords.co.uk\/en\/wp-json\/wp\/v2\/types\/product"}],"replies":[{"embeddable":true,"href":"https:\/\/rangerrecords.co.uk\/en\/wp-json\/wp\/v2\/comments?post=84690"}],"wp:attachment":[{"href":"https:\/\/rangerrecords.co.uk\/en\/wp-json\/wp\/v2\/media?parent=84690"}],"wp:term":[{"taxonomy":"product_brand","embeddable":true,"href":"https:\/\/rangerrecords.co.uk\/en\/wp-json\/wp\/v2\/product_brand?post=84690"},{"taxonomy":"product_cat","embeddable":true,"href":"https:\/\/rangerrecords.co.uk\/en\/wp-json\/wp\/v2\/product_cat?post=84690"},{"taxonomy":"product_tag","embeddable":true,"href":"https:\/\/rangerrecords.co.uk\/en\/wp-json\/wp\/v2\/product_tag?post=84690"}],"curies":[{"name":"wp","href":"https:\/\/api.w.org\/{rel}","templated":true}]}}