{"id":84683,"date":"2022-10-30T11:08:29","date_gmt":"2022-10-30T11:08:29","guid":{"rendered":"https:\/\/rangerrecords.co.uk\/Oscar\/undergrunnen\/"},"modified":"2022-10-31T18:13:03","modified_gmt":"2022-10-31T18:13:03","slug":"undergrunnen","status":"publish","type":"product","link":"https:\/\/rangerrecords.co.uk\/en\/Oscar\/undergrunnen\/","title":{"rendered":"Undergrunnen"},"content":{"rendered":"<p>Inkludert CD. Undergr\u00fcnnen er det nye eksplosive rockebandet til P\u00e5l Jackman fra Wunderkammer, Per Steinar Lie og \u00d8rjan Haaland fra The Low Frequency in Stereo og Lumen Drones. Med en neve kraut, en god neve energi og knivsodd afro p\u00e5 norsk leverer trioen en helt egen vri p\u00e5 hvordan en rocketrio skal h\u00f8res ut.<\/p>","protected":false},"excerpt":{"rendered":"<p>Inkludert Cd. Undergr\u00fcnnen Er Det Nye Eksplosive Rockebandet Til P\u00e5l Jackman Fra<\/p>","protected":false},"featured_media":0,"comment_status":"open","ping_status":"closed","template":"","meta":{"_acf_changed":false,"_coblocks_attr":"","_coblocks_dimensions":"","_coblocks_responsive_height":"","_coblocks_accordion_ie_support":""},"product_brand":[],"product_cat":[19,36,81,82,44,37,16,21,18,20,30,76,77,41,17,38,15,40,35],"product_tag":[],"class_list":{"0":"post-84683","1":"product","2":"type-product","3":"status-publish","5":"product_cat-accessories","6":"product_cat-albums","7":"product_cat-apollon-bergen","8":"product_cat-apollon-tonsberg","9":"product_cat-cd","10":"product_cat-classical","11":"product_cat-clothing","12":"product_cat-decor","13":"product_cat-hoodies","14":"product_cat-music","15":"product_cat-new-release","16":"product_cat-rsd-2021","17":"product_cat-rsd-2022","18":"product_cat-second-hand","19":"product_cat-tshirts","20":"product_cat-turntables","21":"product_cat-uncategorized","22":"product_cat-upcoming-releases","23":"product_cat-vinyl","25":"first","26":"outofstock","27":"shipping-taxable","28":"purchasable","29":"product-type-simple"},"acf":[],"_links":{"self":[{"href":"https:\/\/rangerrecords.co.uk\/en\/wp-json\/wp\/v2\/product\/84683","targetHints":{"allow":["GET"]}}],"collection":[{"href":"https:\/\/rangerrecords.co.uk\/en\/wp-json\/wp\/v2\/product"}],"about":[{"href":"https:\/\/rangerrecords.co.uk\/en\/wp-json\/wp\/v2\/types\/product"}],"replies":[{"embeddable":true,"href":"https:\/\/rangerrecords.co.uk\/en\/wp-json\/wp\/v2\/comments?post=84683"}],"wp:attachment":[{"href":"https:\/\/rangerrecords.co.uk\/en\/wp-json\/wp\/v2\/media?parent=84683"}],"wp:term":[{"taxonomy":"product_brand","embeddable":true,"href":"https:\/\/rangerrecords.co.uk\/en\/wp-json\/wp\/v2\/product_brand?post=84683"},{"taxonomy":"product_cat","embeddable":true,"href":"https:\/\/rangerrecords.co.uk\/en\/wp-json\/wp\/v2\/product_cat?post=84683"},{"taxonomy":"product_tag","embeddable":true,"href":"https:\/\/rangerrecords.co.uk\/en\/wp-json\/wp\/v2\/product_tag?post=84683"}],"curies":[{"name":"wp","href":"https:\/\/api.w.org\/{rel}","templated":true}]}}