{"id":84601,"date":"2022-04-11T16:04:54","date_gmt":"2022-04-11T16:04:54","guid":{"rendered":"https:\/\/rangerrecords.co.uk\/Oscar\/ronni-le-tekro-mein-ampf\/"},"modified":"2022-04-11T16:04:54","modified_gmt":"2022-04-11T16:04:54","slug":"ronni-le-tekro-mein-ampf","status":"publish","type":"product","link":"https:\/\/rangerrecords.co.uk\/en\/Oscar\/ronni-le-tekro-mein-ampf\/","title":{"rendered":"Ronni Le Tekr\u00f8 &#8211; Mein Ampf"},"content":{"rendered":"<p>Det er en skjerpet og leken Tekr\u00f8 vi f\u00e5r h\u00f8re her, ikke bare som l\u00e5tskriver og gitarist, men ogs\u00e5 som vokal formidler gj\u00f8r han en solid og troverdig prestasjon. <\/p><\/p>","protected":false},"excerpt":{"rendered":"<p>Det er en skjerpet og leken Tekr\u00f8 vi f\u00e5r h\u00f8re her, ikke bare som l\u00e5tskriver og g<\/p>","protected":false},"featured_media":0,"comment_status":"open","ping_status":"closed","template":"","meta":{"_acf_changed":false,"_coblocks_attr":"","_coblocks_dimensions":"","_coblocks_responsive_height":"","_coblocks_accordion_ie_support":""},"product_brand":[],"product_cat":[37],"product_tag":[],"class_list":{"0":"post-84601","1":"product","2":"type-product","3":"status-publish","5":"product_cat-classical","7":"first","8":"instock","9":"shipping-taxable","10":"purchasable","11":"product-type-simple"},"acf":[],"_links":{"self":[{"href":"https:\/\/rangerrecords.co.uk\/en\/wp-json\/wp\/v2\/product\/84601","targetHints":{"allow":["GET"]}}],"collection":[{"href":"https:\/\/rangerrecords.co.uk\/en\/wp-json\/wp\/v2\/product"}],"about":[{"href":"https:\/\/rangerrecords.co.uk\/en\/wp-json\/wp\/v2\/types\/product"}],"replies":[{"embeddable":true,"href":"https:\/\/rangerrecords.co.uk\/en\/wp-json\/wp\/v2\/comments?post=84601"}],"wp:attachment":[{"href":"https:\/\/rangerrecords.co.uk\/en\/wp-json\/wp\/v2\/media?parent=84601"}],"wp:term":[{"taxonomy":"product_brand","embeddable":true,"href":"https:\/\/rangerrecords.co.uk\/en\/wp-json\/wp\/v2\/product_brand?post=84601"},{"taxonomy":"product_cat","embeddable":true,"href":"https:\/\/rangerrecords.co.uk\/en\/wp-json\/wp\/v2\/product_cat?post=84601"},{"taxonomy":"product_tag","embeddable":true,"href":"https:\/\/rangerrecords.co.uk\/en\/wp-json\/wp\/v2\/product_tag?post=84601"}],"curies":[{"name":"wp","href":"https:\/\/api.w.org\/{rel}","templated":true}]}}