{"id":84600,"date":"2022-04-11T16:02:14","date_gmt":"2022-04-11T16:02:14","guid":{"rendered":"https:\/\/rangerrecords.co.uk\/Oscar\/hvitmalt-gjerde-vaken\/"},"modified":"2022-04-11T16:02:14","modified_gmt":"2022-04-11T16:02:14","slug":"hvitmalt-gjerde-vaken","status":"publish","type":"product","link":"https:\/\/rangerrecords.co.uk\/en\/Oscar\/hvitmalt-gjerde-vaken\/","title":{"rendered":"Hvitmalt Gjerde &#8211; V\u00e5ken"},"content":{"rendered":"<p>Bergensfavorittene i Hvitmalt Gjerde har hatt en rolig periode med stort fokus i \u00f8vingslokalet, n\u00e5 er de klare med sin tredje offisielle<\/p>\n<p>fullengder! Det kommende albumet slippes av Tik Records, Bergens ferskeste indie-plateselskap, som ogs\u00e5 stod for utgivelsen av trioens &laquo;Saiko EP&raquo; i 2016.<\/p>","protected":false},"excerpt":{"rendered":"<p>Bergensfavorittene i Hvitmalt Gjerde har hatt en rolig periode med stort fokus i<\/p>","protected":false},"featured_media":0,"comment_status":"open","ping_status":"closed","template":"","meta":{"_acf_changed":false,"_coblocks_attr":"","_coblocks_dimensions":"","_coblocks_responsive_height":"","_coblocks_accordion_ie_support":""},"product_brand":[],"product_cat":[38],"product_tag":[],"class_list":{"0":"post-84600","1":"product","2":"type-product","3":"status-publish","5":"product_cat-turntables","7":"first","8":"instock","9":"shipping-taxable","10":"purchasable","11":"product-type-simple"},"acf":[],"_links":{"self":[{"href":"https:\/\/rangerrecords.co.uk\/en\/wp-json\/wp\/v2\/product\/84600","targetHints":{"allow":["GET"]}}],"collection":[{"href":"https:\/\/rangerrecords.co.uk\/en\/wp-json\/wp\/v2\/product"}],"about":[{"href":"https:\/\/rangerrecords.co.uk\/en\/wp-json\/wp\/v2\/types\/product"}],"replies":[{"embeddable":true,"href":"https:\/\/rangerrecords.co.uk\/en\/wp-json\/wp\/v2\/comments?post=84600"}],"wp:attachment":[{"href":"https:\/\/rangerrecords.co.uk\/en\/wp-json\/wp\/v2\/media?parent=84600"}],"wp:term":[{"taxonomy":"product_brand","embeddable":true,"href":"https:\/\/rangerrecords.co.uk\/en\/wp-json\/wp\/v2\/product_brand?post=84600"},{"taxonomy":"product_cat","embeddable":true,"href":"https:\/\/rangerrecords.co.uk\/en\/wp-json\/wp\/v2\/product_cat?post=84600"},{"taxonomy":"product_tag","embeddable":true,"href":"https:\/\/rangerrecords.co.uk\/en\/wp-json\/wp\/v2\/product_tag?post=84600"}],"curies":[{"name":"wp","href":"https:\/\/api.w.org\/{rel}","templated":true}]}}