{"id":84589,"date":"2022-04-11T09:59:51","date_gmt":"2022-04-11T09:59:51","guid":{"rendered":"https:\/\/rangerrecords.co.uk\/Oscar\/dirty-projectors-dirty-projectors-2\/"},"modified":"2022-05-03T14:27:49","modified_gmt":"2022-05-03T14:27:49","slug":"dave1-dave","status":"publish","type":"product","link":"https:\/\/rangerrecords.co.uk\/en\/Oscar\/dave1-dave\/","title":{"rendered":"dave1 &#8211; dave"},"content":{"rendered":"<p>\u00c5\u00e5\u00c6\u00e6\u00d8\u00f8\u00c4\u00e4\u00d6\u00f6\u00c1\u00e1\u00c9\u00e9\u00dc\u00fc\u00cb\u00eb<\/p>\n<p>O Ronco Da Cu\u00edca \/ Incompatibilidade De G\u00eanios<\/p>\n<p>&laquo;hi&raquo; \/\u00a3 \\\\\\\\\\ &#8211; 5 backslash chars<\/p>\n<\/p>\n<p><p>Med Hooked! fortsetter The Cheaters suksess-samarbeidet med produsent, Erlend<\/p>\n<p>Mokkelbost (JR Ewing, Montee). \\u0022Hooked!\\u0022 har et hardtsl\u00c3\u00a5ende punkefundament, en kjerne av friske melodier og arrangementer, og domineres av energiske refreng.<\/p>\n<p>&laquo;,&raquo;price&raquo;: &laquo;199&raquo;,&raquo;regular_price&raquo;: &laquo;199&raquo;,&raquo;short_description&raquo;: &laquo;Med Hooked! fortsetter The Cheaters suksess-samarbeidet med produsent, Erlend<\/p>\n<p>Mokkelbost (JR Ewing, Montee). &laquo;Hooked!&raquo; har et hardtsl\u00c3\u00a5ende punkefundament, en kjerne av friske melodier og arrangementer, og domineres av energiske refreng.<\/p>","protected":false},"excerpt":{"rendered":"<\/p>","protected":false},"featured_media":84629,"comment_status":"open","ping_status":"closed","template":"","meta":{"_acf_changed":false,"_coblocks_attr":"","_coblocks_dimensions":"","_coblocks_responsive_height":"","_coblocks_accordion_ie_support":""},"product_brand":[],"product_cat":[20],"product_tag":[80],"class_list":{"0":"post-84589","1":"product","2":"type-product","3":"status-publish","4":"has-post-thumbnail","6":"product_cat-music","7":"product_tag-dave1","9":"first","10":"instock","11":"shipping-taxable","12":"purchasable","13":"product-type-simple"},"acf":[],"_links":{"self":[{"href":"https:\/\/rangerrecords.co.uk\/en\/wp-json\/wp\/v2\/product\/84589","targetHints":{"allow":["GET"]}}],"collection":[{"href":"https:\/\/rangerrecords.co.uk\/en\/wp-json\/wp\/v2\/product"}],"about":[{"href":"https:\/\/rangerrecords.co.uk\/en\/wp-json\/wp\/v2\/types\/product"}],"replies":[{"embeddable":true,"href":"https:\/\/rangerrecords.co.uk\/en\/wp-json\/wp\/v2\/comments?post=84589"}],"wp:featuredmedia":[{"embeddable":true,"href":"https:\/\/rangerrecords.co.uk\/en\/wp-json\/wp\/v2\/media\/84629"}],"wp:attachment":[{"href":"https:\/\/rangerrecords.co.uk\/en\/wp-json\/wp\/v2\/media?parent=84589"}],"wp:term":[{"taxonomy":"product_brand","embeddable":true,"href":"https:\/\/rangerrecords.co.uk\/en\/wp-json\/wp\/v2\/product_brand?post=84589"},{"taxonomy":"product_cat","embeddable":true,"href":"https:\/\/rangerrecords.co.uk\/en\/wp-json\/wp\/v2\/product_cat?post=84589"},{"taxonomy":"product_tag","embeddable":true,"href":"https:\/\/rangerrecords.co.uk\/en\/wp-json\/wp\/v2\/product_tag?post=84589"}],"curies":[{"name":"wp","href":"https:\/\/api.w.org\/{rel}","templated":true}]}}