{"id":82116,"date":"2021-12-14T17:04:04","date_gmt":"2021-12-14T17:04:04","guid":{"rendered":"https:\/\/rangerrecords.co.uk\/Oscar\/ghosts-2\/"},"modified":"2022-04-11T09:45:04","modified_gmt":"2022-04-11T09:45:04","slug":"dirty-projectors-dirty-projectors","status":"publish","type":"product","link":"https:\/\/rangerrecords.co.uk\/en\/Oscar\/dirty-projectors-dirty-projectors\/","title":{"rendered":"Dirty Projectors &#8211; Dirty Projectors"},"content":{"rendered":"<p>Den amerikanske gruppen Dirty Projectors, med David Longstreth i front, slipper n\u00e5 sitt \u00e5ttende studioalbum. Vi kan tydlig h\u00f8re en<\/p>\n<p>utvikling fra soundet p\u00e5 de tidigere album som de gjort bandet kjent, med en nyvunnen lekenhet s\u00e5 lykkes de atter en gang skape noe helt unikt.<\/p>","protected":false},"excerpt":{"rendered":"<p>Den amerikanske gruppen Dirty Projectors, med David Longstreth i front, slipper n\u00e5 sitt \u00e5ttende studioalbum. Vi kan tydlig h\u00f8re enutvikling fra soundet p\u00e5 de tidigere album som de gjort bandet kjent, med en nyvunnen lekenhet s\u00e5 lykkes de atter en gang skape noe helt unikt.<\/p>","protected":false},"featured_media":84577,"comment_status":"open","ping_status":"closed","template":"","meta":{"_acf_changed":false,"_coblocks_attr":"","_coblocks_dimensions":"","_coblocks_responsive_height":"","_coblocks_accordion_ie_support":""},"product_brand":[],"product_cat":[20],"product_tag":[],"class_list":{"0":"post-82116","1":"product","2":"type-product","3":"status-publish","4":"has-post-thumbnail","6":"product_cat-music","8":"first","9":"instock","10":"shipping-taxable","11":"purchasable","12":"product-type-simple"},"acf":[],"_links":{"self":[{"href":"https:\/\/rangerrecords.co.uk\/en\/wp-json\/wp\/v2\/product\/82116","targetHints":{"allow":["GET"]}}],"collection":[{"href":"https:\/\/rangerrecords.co.uk\/en\/wp-json\/wp\/v2\/product"}],"about":[{"href":"https:\/\/rangerrecords.co.uk\/en\/wp-json\/wp\/v2\/types\/product"}],"replies":[{"embeddable":true,"href":"https:\/\/rangerrecords.co.uk\/en\/wp-json\/wp\/v2\/comments?post=82116"}],"wp:featuredmedia":[{"embeddable":true,"href":"https:\/\/rangerrecords.co.uk\/en\/wp-json\/wp\/v2\/media\/84577"}],"wp:attachment":[{"href":"https:\/\/rangerrecords.co.uk\/en\/wp-json\/wp\/v2\/media?parent=82116"}],"wp:term":[{"taxonomy":"product_brand","embeddable":true,"href":"https:\/\/rangerrecords.co.uk\/en\/wp-json\/wp\/v2\/product_brand?post=82116"},{"taxonomy":"product_cat","embeddable":true,"href":"https:\/\/rangerrecords.co.uk\/en\/wp-json\/wp\/v2\/product_cat?post=82116"},{"taxonomy":"product_tag","embeddable":true,"href":"https:\/\/rangerrecords.co.uk\/en\/wp-json\/wp\/v2\/product_tag?post=82116"}],"curies":[{"name":"wp","href":"https:\/\/api.w.org\/{rel}","templated":true}]}}